{"id":20,"date":"2026-01-04T21:16:40","date_gmt":"2026-01-04T21:16:40","guid":{"rendered":"https:\/\/prestigebeautysalon.cloudmc.cz\/?page_id=20"},"modified":"2026-01-11T12:45:01","modified_gmt":"2026-01-11T12:45:01","slug":"kosmeticka-osetreni","status":"publish","type":"page","link":"https:\/\/prestigebeautysalon.cloudmc.cz\/?page_id=20","title":{"rendered":"Kosmetick\u00e1 o\u0161et\u0159en\u00ed"},"content":{"rendered":"\n<div class=\"wp-block-group has-global-padding is-layout-constrained wp-container-core-group-is-layout-3 wp-block-group-is-layout-constrained\" style=\"padding-top:60px;padding-right:20px;padding-bottom:60px;padding-left:20px\">\n<div class=\"wp-block-group alignwide is-layout-flow wp-block-group-is-layout-flow\">\n<div class=\"wp-block-columns are-vertically-aligned-center is-layout-flex wp-container-core-columns-is-layout-1 wp-block-columns-is-layout-flex\">\n<div class=\"wp-block-column is-vertically-aligned-center is-layout-flow wp-block-column-is-layout-flow\">\n<div class=\"wp-block-group has-global-padding is-layout-constrained wp-block-group-is-layout-constrained\">\n<h2 class=\"wp-block-heading\" style=\"margin-top:var(--wp--preset--spacing--20);font-size:48px\">Di ANGELO cosmetics <\/h2>\n\n\n\n<h3 class=\"wp-block-heading has-primary-color has-text-color has-link-color wp-elements-dd2c7512d736027d22c2799c4361c61a\" style=\"font-style:normal;font-weight:500\">Exkluzivn\u00ed p\u00e9\u010de pro n\u00e1ro\u010dn\u00e9 \u017eeny<\/h3>\n\n\n\n<div style=\"margin-top:0;margin-bottom:0;height:20px\" aria-hidden=\"true\" class=\"wp-block-spacer\"><\/div>\n\n\n\n<blockquote class=\"wp-block-quote is-style-default has-heading-color has-text-color has-background has-link-color wp-elements-14396adaa2a50588df353978a3d3fa5a is-layout-flow wp-container-core-quote-is-layout-1 wp-block-quote-is-layout-flow\" style=\"background-color:#bfbfbf33;font-size:20px;font-style:normal;font-weight:300;line-height:1.8\">\n<p><em><strong>Zna\u010dka Di ANGELO si klade za c\u00edl pos\u00edlit sebev\u011bdom\u00ed \u017een po cel\u00e9m sv\u011bt\u011b. Nab\u00edz\u00ed \u0161pi\u010dkovou kosmetiku, kter\u00e1 vynik\u00e1 exkluzivn\u00ed p\u00e9\u010d\u00ed o ple\u0165 a prosla si vlastn\u00edmi \u0159adami, je\u017e si z\u00edskaly celosv\u011btovou popularitu.<\/strong><\/em><\/p>\n<\/blockquote>\n<\/div>\n<\/div>\n\n\n\n<div class=\"wp-block-column is-vertically-aligned-center is-layout-flow wp-block-column-is-layout-flow\">\n<div class=\"wp-block-cover is-light\" style=\"border-top-left-radius:100px;border-bottom-right-radius:100px;min-height:384px;aspect-ratio:unset;\"><span aria-hidden=\"true\" class=\"wp-block-cover__background has-background-dim-0 has-background-dim\"><\/span><img loading=\"lazy\" decoding=\"async\" width=\"1536\" height=\"1024\" class=\"wp-block-cover__image-background wp-image-78\" alt=\"\" src=\"https:\/\/prestigebeautysalon.cloudmc.cz\/wp-content\/uploads\/2026\/01\/ChatGPT-Image-4.-1.-2026-21_49_39.png\" style=\"object-position:8% 100%\" data-object-fit=\"cover\" data-object-position=\"8% 100%\" srcset=\"https:\/\/prestigebeautysalon.cloudmc.cz\/wp-content\/uploads\/2026\/01\/ChatGPT-Image-4.-1.-2026-21_49_39.png 1536w, https:\/\/prestigebeautysalon.cloudmc.cz\/wp-content\/uploads\/2026\/01\/ChatGPT-Image-4.-1.-2026-21_49_39-300x200.png 300w, https:\/\/prestigebeautysalon.cloudmc.cz\/wp-content\/uploads\/2026\/01\/ChatGPT-Image-4.-1.-2026-21_49_39-1024x683.png 1024w, https:\/\/prestigebeautysalon.cloudmc.cz\/wp-content\/uploads\/2026\/01\/ChatGPT-Image-4.-1.-2026-21_49_39-768x512.png 768w\" sizes=\"auto, (max-width: 1536px) 100vw, 1536px\" \/><div class=\"wp-block-cover__inner-container has-global-padding is-layout-constrained wp-block-cover-is-layout-constrained\">\n<p class=\"has-text-align-center has-large-font-size\"><\/p>\n<\/div><\/div>\n<\/div>\n<\/div>\n<\/div>\n<\/div>\n\n\n\n<div class=\"wp-block-group has-secondary-background-color has-background has-global-padding is-layout-constrained wp-container-core-group-is-layout-13 wp-block-group-is-layout-constrained\" style=\"margin-top:0;margin-bottom:0;padding-top:60px;padding-right:20px;padding-bottom:60px;padding-left:20px\">\n<h2 class=\"wp-block-heading has-text-align-center has-base-color has-text-color has-link-color wp-elements-cadea36aba265819752222f905a40891\"><strong>Pro koho je kosmetika ide\u00e1ln\u00ed<\/strong><\/h2>\n\n\n\n<div class=\"wp-block-group alignwide has-global-padding is-layout-constrained wp-block-group-is-layout-constrained\">\n<div class=\"wp-block-columns alignwide is-layout-flex wp-container-core-columns-is-layout-2 wp-block-columns-is-layout-flex\">\n<div class=\"wp-block-column is-layout-flow wp-block-column-is-layout-flow\">\n<div class=\"wp-block-group pos-relative counter-box has-global-padding is-layout-constrained wp-container-core-group-is-layout-5 wp-block-group-is-layout-constrained\" style=\"padding-top:20px;padding-right:15px;padding-bottom:20px;padding-left:15px\">\n<div class=\"wp-block-group has-global-padding is-layout-constrained wp-block-group-is-layout-constrained\">\n<h3 class=\"wp-block-heading has-text-align-center has-primary-color has-text-color has-link-color wp-elements-d15f44b3991bc08669df6382ce6361db\" style=\"font-size:3em;line-height:1.2\">PRO<\/h3>\n\n\n\n<h5 class=\"wp-block-heading has-text-align-center has-white-color has-text-color has-link-color has-extra-large-font-size wp-elements-9a0eeeed17211afc801ed0a9c0bc3552\" style=\"margin-top:var(--wp--preset--spacing--30);font-style:normal;font-weight:300;line-height:1.2\">Milovnice luxusu<\/h5>\n<\/div>\n<\/div>\n<\/div>\n\n\n\n<div class=\"wp-block-column is-layout-flow wp-block-column-is-layout-flow\">\n<div class=\"wp-block-group pos-relative counter-box has-global-padding is-layout-constrained wp-container-core-group-is-layout-7 wp-block-group-is-layout-constrained\" style=\"padding-top:20px;padding-right:15px;padding-bottom:20px;padding-left:15px\">\n<div class=\"wp-block-group has-global-padding is-layout-constrained wp-block-group-is-layout-constrained\">\n<h3 class=\"wp-block-heading has-text-align-center has-primary-color has-text-color has-link-color wp-elements-d15f44b3991bc08669df6382ce6361db\" style=\"font-size:3em;line-height:1.2\">PRO<\/h3>\n\n\n\n<h6 class=\"wp-block-heading has-text-align-center has-white-color has-text-color has-link-color has-extra-large-font-size wp-elements-0a24b6a7f9c0329e025969dd79c9874f\" style=\"margin-top:var(--wp--preset--spacing--30);font-style:normal;font-weight:300;line-height:1.2\">Pe\u010duj\u00edc\u00ed o sebe<\/h6>\n<\/div>\n<\/div>\n<\/div>\n\n\n\n<div class=\"wp-block-column is-layout-flow wp-block-column-is-layout-flow\">\n<div class=\"wp-block-group pos-relative counter-box has-global-padding is-layout-constrained wp-container-core-group-is-layout-9 wp-block-group-is-layout-constrained\" style=\"padding-top:20px;padding-right:15px;padding-bottom:20px;padding-left:15px\">\n<div class=\"wp-block-group has-global-padding is-layout-constrained wp-block-group-is-layout-constrained\">\n<h3 class=\"wp-block-heading has-text-align-center has-primary-color has-text-color has-link-color wp-elements-d15f44b3991bc08669df6382ce6361db\" style=\"font-size:3em;line-height:1.2\">PRO<\/h3>\n\n\n\n<h6 class=\"wp-block-heading has-text-align-center has-white-color has-text-color has-link-color has-extra-large-font-size wp-elements-884f17491deb539b27bca1a7a838da26\" style=\"margin-top:var(--wp--preset--spacing--30);font-style:normal;font-weight:300;line-height:1.2\">\u017deny po\u017eaduj\u00edc\u00ed v\u00fdsledky<\/h6>\n<\/div>\n<\/div>\n<\/div>\n\n\n\n<div class=\"wp-block-column is-layout-flow wp-block-column-is-layout-flow\">\n<div class=\"wp-block-group pos-relative counter-box has-global-padding is-layout-constrained wp-container-core-group-is-layout-11 wp-block-group-is-layout-constrained\" style=\"padding-top:20px;padding-right:15px;padding-bottom:20px;padding-left:15px\">\n<div class=\"wp-block-group has-global-padding is-layout-constrained wp-block-group-is-layout-constrained\">\n<h3 class=\"wp-block-heading has-text-align-center has-primary-color has-text-color has-link-color wp-elements-d15f44b3991bc08669df6382ce6361db\" style=\"font-size:3em;line-height:1.2\">PRO<\/h3>\n\n\n\n<h6 class=\"wp-block-heading has-text-align-center has-white-color has-text-color has-link-color has-extra-large-font-size wp-elements-691f83130e38644fab901cd7265c7737\" style=\"margin-top:var(--wp--preset--spacing--30);font-style:normal;font-weight:300;line-height:1.2\">Zanepr\u00e1zdn\u011bn\u00e9 profesion\u00e1lky<\/h6>\n<\/div>\n<\/div>\n<\/div>\n<\/div>\n<\/div>\n<\/div>\n\n\n\n<h3 class=\"wp-block-heading has-text-align-center has-heading-color has-text-color has-link-color has-extra-large-font-size wp-elements-b87cc1b045c188631461b0a0460202f9\" style=\"text-transform:uppercase\">Intense Gold Treatment \u2013 dom\u00e1c\u00ed ritu\u00e1l s 24kar\u00e1tov\u00fdm zlatem<\/h3>\n\n\n\n<div class=\"wp-block-columns alignwide is-layout-flex wp-container-core-columns-is-layout-3 wp-block-columns-is-layout-flex\" style=\"margin-bottom:0\">\n<div class=\"wp-block-column has-primary-background-color has-text-color has-background has-link-color wp-elements-4e99b07920c2905d07593acc92df2e96 is-layout-flow wp-block-column-is-layout-flow\" style=\"border-top-left-radius:40px;border-top-right-radius:0px;border-bottom-left-radius:0px;border-bottom-right-radius:40px;color:#000000;padding-top:2em;padding-right:2em;padding-bottom:2em;padding-left:2em\">\n<h3 class=\"wp-block-heading\" id=\"single\" style=\"font-size:40px;line-height:1.1\"><strong>Luxusn\u00ed slo\u017een\u00ed<\/strong><\/h3>\n\n\n\n<hr class=\"wp-block-separator has-text-color has-base-color has-alpha-channel-opacity has-base-background-color has-background is-style-wide\"\/>\n\n\n\n<p class=\"has-normal-font-size\">Jedin\u010dn\u00e1 procedura vyu\u017e\u00edv\u00e1 s\u00edlu 24kar\u00e1tov\u00e9ho zlata pro okam\u017eit\u00e9 rozjasn\u011bn\u00ed a omlazen\u00ed pleti. Obsahuje exkluzivn\u00ed s\u00e9rum a pl\u00e1tky ryz\u00edho zlata.<\/p>\n<\/div>\n\n\n\n<div class=\"wp-block-column has-primary-background-color has-text-color has-background has-link-color wp-elements-5a5de46c92b38d71452a46dc65565d73 is-layout-flow wp-block-column-is-layout-flow\" style=\"border-top-left-radius:40px;border-top-right-radius:0px;border-bottom-left-radius:0px;border-bottom-right-radius:40px;color:#000000;padding-top:2em;padding-right:2em;padding-bottom:2em;padding-left:2em\">\n<h3 class=\"wp-block-heading\" id=\"family\" style=\"font-size:40px;line-height:1.1\"><strong>Pro dom\u00e1c\u00ed pou\u017eit\u00ed<\/strong><\/h3>\n\n\n\n<hr class=\"wp-block-separator has-text-color has-base-color has-alpha-channel-opacity has-base-background-color has-background is-style-wide\"\/>\n\n\n\n<p class=\"has-normal-font-size\">Dop\u0159ejte si luxusn\u00ed p\u00e9\u010di v pohodl\u00ed domova. Doporu\u010deno \u017een\u00e1m ve v\u011bku 30\u201335 let, kter\u00e9 tou\u017e\u00ed po z\u00e1\u0159iv\u00e9 a mladistv\u00e9 pleti.<\/p>\n<\/div>\n\n\n\n<div class=\"wp-block-column has-primary-background-color has-text-color has-background has-link-color wp-elements-96f5fdcb4b58bd1bc21792ad4829b43b is-layout-flow wp-block-column-is-layout-flow\" style=\"border-top-left-radius:40px;border-bottom-right-radius:40px;color:#000000;padding-top:2em;padding-right:2em;padding-bottom:2em;padding-left:2em\">\n<h2 class=\"wp-block-heading\" id=\"patron\" style=\"font-size:40px;line-height:1.1\"><strong>Viditeln\u00e9 v\u00fdsledky<\/strong><\/h2>\n\n\n\n<hr class=\"wp-block-separator has-text-color has-base-color has-alpha-channel-opacity has-base-background-color has-background is-style-wide\"\/>\n\n\n\n<p class=\"has-normal-font-size\">Ji\u017e po 30 minut\u00e1ch dos\u00e1hnete hydratovan\u00e9, rozjasn\u011bn\u00e9 a vyhlazen\u00e9 pleti. Luxusn\u00ed p\u00e9\u010de, kter\u00e1 dod\u00e1 va\u0161\u00ed pleti jiskru \u2013 kdykoliv si dop\u0159ejete chvilku pro sebe.<\/p>\n<\/div>\n<\/div>\n\n\n\n<div class=\"wp-block-columns is-layout-flex wp-container-core-columns-is-layout-4 wp-block-columns-is-layout-flex\">\n<div class=\"wp-block-column is-layout-flow wp-block-column-is-layout-flow\">\n<h4 class=\"wp-block-heading\">Luxusn\u00ed slo\u017een\u00ed<\/h4>\n\n\n\n<p>Jedin\u010dn\u00e1 procedura vyu\u017e\u00edv\u00e1 s\u00edlu 24kar\u00e1tov\u00e9ho zlata pro okam\u017eit\u00e9 rozjasn\u011bn\u00ed a omlazen\u00ed pleti. Obsahuje exkluzivn\u00ed s\u00e9rum a pl\u00e1tky ryz\u00edho zlata.<\/p>\n<\/div>\n\n\n\n<div class=\"wp-block-column is-layout-flow wp-block-column-is-layout-flow\">\n<h4 class=\"wp-block-heading\">Pro dom\u00e1c\u00ed pou\u017eit\u00ed<\/h4>\n\n\n\n<p>Dop\u0159ejte si luxusn\u00ed p\u00e9\u010di v pohodl\u00ed domova. Doporu\u010deno \u017een\u00e1m ve v\u011bku 30\u201335 let, kter\u00e9 tou\u017e\u00ed po z\u00e1\u0159iv\u00e9 a mladistv\u00e9 pleti.<\/p>\n<\/div>\n\n\n\n<div class=\"wp-block-column is-layout-flow wp-block-column-is-layout-flow\">\n<h4 class=\"wp-block-heading\">Viditeln\u00e9 v\u00fdsledky<\/h4>\n\n\n\n<p>Ji\u017e po 30 minut\u00e1ch dos\u00e1hnete hydratovan\u00e9, rozjasn\u011bn\u00e9 a vyhlazen\u00e9 pleti. Luxusn\u00ed p\u00e9\u010de, kter\u00e1 dod\u00e1 va\u0161\u00ed pleti jiskru \u2013 kdykoliv si dop\u0159ejete chvilku pro sebe.<\/p>\n<\/div>\n<\/div>\n\n\n\n<figure class=\"wp-block-table is-style-stripes is-style-stripes--1\"><table class=\"has-fixed-layout\"><thead><tr><th class=\"has-text-align-left\" data-align=\"left\">Procedura<\/th><th class=\"has-text-align-center\" data-align=\"center\">Doba trv\u00e1n\u00ed<\/th><th class=\"has-text-align-center\" data-align=\"center\">Cena<\/th><\/tr><\/thead><tbody><tr><td class=\"has-text-align-left\" data-align=\"left\">O\u0161et\u0159eni multipeel<\/td><td class=\"has-text-align-center\" data-align=\"center\">70 min<\/td><td class=\"has-text-align-center\" data-align=\"center\">2250,-<\/td><\/tr><tr><td class=\"has-text-align-left\" data-align=\"left\">Oset\u0159en\u00ed Di Angelo<\/td><td class=\"has-text-align-center\" data-align=\"center\">60 min<\/td><td class=\"has-text-align-center\" data-align=\"center\">2300,-<\/td><\/tr><\/tbody><\/table><\/figure>\n\n\n\n\n\n<details class=\"wp-block-details is-layout-flow wp-block-details-is-layout-flow\"><summary>O\u0161et\u0159en\u00ed multipeel<\/summary>\n<p>Vysoce personalizovan\u00e9 o\u0161et\u0159en\u00ed, kter\u00e9 kombinuje diagnostiku pleti, z\u00f3nov\u00fd peeling, peptidov\u00fd gel a masku s kyselinou hyaluronovou. C\u00edlem je \u0159e\u0161it akn\u00e9, vr\u00e1sky a dehydrataci a dodat pleti efekt nov\u00e9, zdrav\u011bj\u0161\u00ed poko\u017eky.<\/p>\n\n\n<\/details>\n","protected":false},"excerpt":{"rendered":"<p>Di ANGELO cosmetics Exkluzivn\u00ed p\u00e9\u010de pro n\u00e1ro\u010dn\u00e9 \u017eeny Zna\u010dka Di ANGELO si klade za c\u00edl pos\u00edlit sebev\u011bdom\u00ed \u017een po cel\u00e9m sv\u011bt\u011b. Nab\u00edz\u00ed \u0161pi\u010dkovou kosmetiku, kter\u00e1 vynik\u00e1 exkluzivn\u00ed p\u00e9\u010d\u00ed o ple\u0165 a prosla si vlastn\u00edmi \u0159adami, je\u017e si z\u00edskaly celosv\u011btovou popularitu. Pro koho je kosmetika ide\u00e1ln\u00ed PRO Milovnice luxusu PRO Pe\u010duj\u00edc\u00ed o sebe PRO \u017deny po\u017eaduj\u00edc\u00ed [&hellip;]<\/p>\n","protected":false},"author":1,"featured_media":0,"parent":0,"menu_order":0,"comment_status":"closed","ping_status":"closed","template":"","meta":{"footnotes":""},"class_list":["post-20","page","type-page","status-publish","hentry"],"yoast_head":"<!-- This site is optimized with the Yoast SEO plugin v24.7 - https:\/\/yoast.com\/wordpress\/plugins\/seo\/ -->\n<title>Kosmetick\u00e1 o\u0161et\u0159en\u00ed - Prestige Beauty Salon<\/title>\n<meta name=\"robots\" content=\"noindex, follow, max-snippet:-1, max-image-preview:large, max-video-preview:-1\" \/>\n<meta property=\"og:locale\" content=\"cs_CZ\" \/>\n<meta property=\"og:type\" content=\"article\" \/>\n<meta property=\"og:title\" content=\"Kosmetick\u00e1 o\u0161et\u0159en\u00ed - Prestige Beauty Salon\" \/>\n<meta property=\"og:description\" content=\"Di ANGELO cosmetics Exkluzivn\u00ed p\u00e9\u010de pro n\u00e1ro\u010dn\u00e9 \u017eeny Zna\u010dka Di ANGELO si klade za c\u00edl pos\u00edlit sebev\u011bdom\u00ed \u017een po cel\u00e9m sv\u011bt\u011b. Nab\u00edz\u00ed \u0161pi\u010dkovou kosmetiku, kter\u00e1 vynik\u00e1 exkluzivn\u00ed p\u00e9\u010d\u00ed o ple\u0165 a prosla si vlastn\u00edmi \u0159adami, je\u017e si z\u00edskaly celosv\u011btovou popularitu. Pro koho je kosmetika ide\u00e1ln\u00ed PRO Milovnice luxusu PRO Pe\u010duj\u00edc\u00ed o sebe PRO \u017deny po\u017eaduj\u00edc\u00ed [&hellip;]\" \/>\n<meta property=\"og:url\" content=\"https:\/\/prestigebeautysalon.cloudmc.cz\/?page_id=20\" \/>\n<meta property=\"og:site_name\" content=\"Prestige Beauty Salon\" \/>\n<meta property=\"article:modified_time\" content=\"2026-01-11T12:45:01+00:00\" \/>\n<meta property=\"og:image\" content=\"https:\/\/prestigebeautysalon.cloudmc.cz\/wp-content\/uploads\/2026\/01\/ChatGPT-Image-4.-1.-2026-21_49_39.png\" \/>\n\t<meta property=\"og:image:width\" content=\"1536\" \/>\n\t<meta property=\"og:image:height\" content=\"1024\" \/>\n\t<meta property=\"og:image:type\" content=\"image\/png\" \/>\n<meta name=\"twitter:card\" content=\"summary_large_image\" \/>\n<meta name=\"twitter:label1\" content=\"Odhadovan\u00e1 doba \u010dten\u00ed\" \/>\n\t<meta name=\"twitter:data1\" content=\"2 minuty\" \/>\n<script type=\"application\/ld+json\" class=\"yoast-schema-graph\">{\"@context\":\"https:\/\/schema.org\",\"@graph\":[{\"@type\":\"WebPage\",\"@id\":\"https:\/\/prestigebeautysalon.cloudmc.cz\/?page_id=20\",\"url\":\"https:\/\/prestigebeautysalon.cloudmc.cz\/?page_id=20\",\"name\":\"Kosmetick\u00e1 o\u0161et\u0159en\u00ed - Prestige Beauty Salon\",\"isPartOf\":{\"@id\":\"https:\/\/prestigebeautysalon.cloudmc.cz\/#website\"},\"primaryImageOfPage\":{\"@id\":\"https:\/\/prestigebeautysalon.cloudmc.cz\/?page_id=20#primaryimage\"},\"image\":{\"@id\":\"https:\/\/prestigebeautysalon.cloudmc.cz\/?page_id=20#primaryimage\"},\"thumbnailUrl\":\"https:\/\/prestigebeautysalon.cloudmc.cz\/wp-content\/uploads\/2026\/01\/ChatGPT-Image-4.-1.-2026-21_49_39.png\",\"datePublished\":\"2026-01-04T21:16:40+00:00\",\"dateModified\":\"2026-01-11T12:45:01+00:00\",\"breadcrumb\":{\"@id\":\"https:\/\/prestigebeautysalon.cloudmc.cz\/?page_id=20#breadcrumb\"},\"inLanguage\":\"cs\",\"potentialAction\":[{\"@type\":\"ReadAction\",\"target\":[\"https:\/\/prestigebeautysalon.cloudmc.cz\/?page_id=20\"]}]},{\"@type\":\"ImageObject\",\"inLanguage\":\"cs\",\"@id\":\"https:\/\/prestigebeautysalon.cloudmc.cz\/?page_id=20#primaryimage\",\"url\":\"https:\/\/prestigebeautysalon.cloudmc.cz\/wp-content\/uploads\/2026\/01\/ChatGPT-Image-4.-1.-2026-21_49_39.png\",\"contentUrl\":\"https:\/\/prestigebeautysalon.cloudmc.cz\/wp-content\/uploads\/2026\/01\/ChatGPT-Image-4.-1.-2026-21_49_39.png\",\"width\":1536,\"height\":1024},{\"@type\":\"BreadcrumbList\",\"@id\":\"https:\/\/prestigebeautysalon.cloudmc.cz\/?page_id=20#breadcrumb\",\"itemListElement\":[{\"@type\":\"ListItem\",\"position\":1,\"name\":\"Home\",\"item\":\"https:\/\/prestigebeautysalon.cloudmc.cz\/\"},{\"@type\":\"ListItem\",\"position\":2,\"name\":\"Kosmetick\u00e1 o\u0161et\u0159en\u00ed\"}]},{\"@type\":\"WebSite\",\"@id\":\"https:\/\/prestigebeautysalon.cloudmc.cz\/#website\",\"url\":\"https:\/\/prestigebeautysalon.cloudmc.cz\/\",\"name\":\"Prestige Beauty Salon\",\"description\":\"Prestige Beauty Salon\",\"publisher\":{\"@id\":\"https:\/\/prestigebeautysalon.cloudmc.cz\/#organization\"},\"potentialAction\":[{\"@type\":\"SearchAction\",\"target\":{\"@type\":\"EntryPoint\",\"urlTemplate\":\"https:\/\/prestigebeautysalon.cloudmc.cz\/?s={search_term_string}\"},\"query-input\":{\"@type\":\"PropertyValueSpecification\",\"valueRequired\":true,\"valueName\":\"search_term_string\"}}],\"inLanguage\":\"cs\"},{\"@type\":\"Organization\",\"@id\":\"https:\/\/prestigebeautysalon.cloudmc.cz\/#organization\",\"name\":\"Prestige Beauty Salon\",\"url\":\"https:\/\/prestigebeautysalon.cloudmc.cz\/\",\"logo\":{\"@type\":\"ImageObject\",\"inLanguage\":\"cs\",\"@id\":\"https:\/\/prestigebeautysalon.cloudmc.cz\/#\/schema\/logo\/image\/\",\"url\":\"https:\/\/prestigebeautysalon.cloudmc.cz\/wp-content\/uploads\/2025\/12\/logo_bile_salon.png\",\"contentUrl\":\"https:\/\/prestigebeautysalon.cloudmc.cz\/wp-content\/uploads\/2025\/12\/logo_bile_salon.png\",\"width\":9639,\"height\":12001,\"caption\":\"Prestige Beauty Salon\"},\"image\":{\"@id\":\"https:\/\/prestigebeautysalon.cloudmc.cz\/#\/schema\/logo\/image\/\"}}]}<\/script>\n<!-- \/ Yoast SEO plugin. -->","yoast_head_json":{"title":"Kosmetick\u00e1 o\u0161et\u0159en\u00ed - Prestige Beauty Salon","robots":{"index":"noindex","follow":"follow","max-snippet":"max-snippet:-1","max-image-preview":"max-image-preview:large","max-video-preview":"max-video-preview:-1"},"og_locale":"cs_CZ","og_type":"article","og_title":"Kosmetick\u00e1 o\u0161et\u0159en\u00ed - Prestige Beauty Salon","og_description":"Di ANGELO cosmetics Exkluzivn\u00ed p\u00e9\u010de pro n\u00e1ro\u010dn\u00e9 \u017eeny Zna\u010dka Di ANGELO si klade za c\u00edl pos\u00edlit sebev\u011bdom\u00ed \u017een po cel\u00e9m sv\u011bt\u011b. Nab\u00edz\u00ed \u0161pi\u010dkovou kosmetiku, kter\u00e1 vynik\u00e1 exkluzivn\u00ed p\u00e9\u010d\u00ed o ple\u0165 a prosla si vlastn\u00edmi \u0159adami, je\u017e si z\u00edskaly celosv\u011btovou popularitu. Pro koho je kosmetika ide\u00e1ln\u00ed PRO Milovnice luxusu PRO Pe\u010duj\u00edc\u00ed o sebe PRO \u017deny po\u017eaduj\u00edc\u00ed [&hellip;]","og_url":"https:\/\/prestigebeautysalon.cloudmc.cz\/?page_id=20","og_site_name":"Prestige Beauty Salon","article_modified_time":"2026-01-11T12:45:01+00:00","og_image":[{"width":1536,"height":1024,"url":"https:\/\/prestigebeautysalon.cloudmc.cz\/wp-content\/uploads\/2026\/01\/ChatGPT-Image-4.-1.-2026-21_49_39.png","type":"image\/png"}],"twitter_card":"summary_large_image","twitter_misc":{"Odhadovan\u00e1 doba \u010dten\u00ed":"2 minuty"},"schema":{"@context":"https:\/\/schema.org","@graph":[{"@type":"WebPage","@id":"https:\/\/prestigebeautysalon.cloudmc.cz\/?page_id=20","url":"https:\/\/prestigebeautysalon.cloudmc.cz\/?page_id=20","name":"Kosmetick\u00e1 o\u0161et\u0159en\u00ed - Prestige Beauty Salon","isPartOf":{"@id":"https:\/\/prestigebeautysalon.cloudmc.cz\/#website"},"primaryImageOfPage":{"@id":"https:\/\/prestigebeautysalon.cloudmc.cz\/?page_id=20#primaryimage"},"image":{"@id":"https:\/\/prestigebeautysalon.cloudmc.cz\/?page_id=20#primaryimage"},"thumbnailUrl":"https:\/\/prestigebeautysalon.cloudmc.cz\/wp-content\/uploads\/2026\/01\/ChatGPT-Image-4.-1.-2026-21_49_39.png","datePublished":"2026-01-04T21:16:40+00:00","dateModified":"2026-01-11T12:45:01+00:00","breadcrumb":{"@id":"https:\/\/prestigebeautysalon.cloudmc.cz\/?page_id=20#breadcrumb"},"inLanguage":"cs","potentialAction":[{"@type":"ReadAction","target":["https:\/\/prestigebeautysalon.cloudmc.cz\/?page_id=20"]}]},{"@type":"ImageObject","inLanguage":"cs","@id":"https:\/\/prestigebeautysalon.cloudmc.cz\/?page_id=20#primaryimage","url":"https:\/\/prestigebeautysalon.cloudmc.cz\/wp-content\/uploads\/2026\/01\/ChatGPT-Image-4.-1.-2026-21_49_39.png","contentUrl":"https:\/\/prestigebeautysalon.cloudmc.cz\/wp-content\/uploads\/2026\/01\/ChatGPT-Image-4.-1.-2026-21_49_39.png","width":1536,"height":1024},{"@type":"BreadcrumbList","@id":"https:\/\/prestigebeautysalon.cloudmc.cz\/?page_id=20#breadcrumb","itemListElement":[{"@type":"ListItem","position":1,"name":"Home","item":"https:\/\/prestigebeautysalon.cloudmc.cz\/"},{"@type":"ListItem","position":2,"name":"Kosmetick\u00e1 o\u0161et\u0159en\u00ed"}]},{"@type":"WebSite","@id":"https:\/\/prestigebeautysalon.cloudmc.cz\/#website","url":"https:\/\/prestigebeautysalon.cloudmc.cz\/","name":"Prestige Beauty Salon","description":"Prestige Beauty Salon","publisher":{"@id":"https:\/\/prestigebeautysalon.cloudmc.cz\/#organization"},"potentialAction":[{"@type":"SearchAction","target":{"@type":"EntryPoint","urlTemplate":"https:\/\/prestigebeautysalon.cloudmc.cz\/?s={search_term_string}"},"query-input":{"@type":"PropertyValueSpecification","valueRequired":true,"valueName":"search_term_string"}}],"inLanguage":"cs"},{"@type":"Organization","@id":"https:\/\/prestigebeautysalon.cloudmc.cz\/#organization","name":"Prestige Beauty Salon","url":"https:\/\/prestigebeautysalon.cloudmc.cz\/","logo":{"@type":"ImageObject","inLanguage":"cs","@id":"https:\/\/prestigebeautysalon.cloudmc.cz\/#\/schema\/logo\/image\/","url":"https:\/\/prestigebeautysalon.cloudmc.cz\/wp-content\/uploads\/2025\/12\/logo_bile_salon.png","contentUrl":"https:\/\/prestigebeautysalon.cloudmc.cz\/wp-content\/uploads\/2025\/12\/logo_bile_salon.png","width":9639,"height":12001,"caption":"Prestige Beauty Salon"},"image":{"@id":"https:\/\/prestigebeautysalon.cloudmc.cz\/#\/schema\/logo\/image\/"}}]}},"_links":{"self":[{"href":"https:\/\/prestigebeautysalon.cloudmc.cz\/index.php?rest_route=\/wp\/v2\/pages\/20","targetHints":{"allow":["GET"]}}],"collection":[{"href":"https:\/\/prestigebeautysalon.cloudmc.cz\/index.php?rest_route=\/wp\/v2\/pages"}],"about":[{"href":"https:\/\/prestigebeautysalon.cloudmc.cz\/index.php?rest_route=\/wp\/v2\/types\/page"}],"author":[{"embeddable":true,"href":"https:\/\/prestigebeautysalon.cloudmc.cz\/index.php?rest_route=\/wp\/v2\/users\/1"}],"replies":[{"embeddable":true,"href":"https:\/\/prestigebeautysalon.cloudmc.cz\/index.php?rest_route=%2Fwp%2Fv2%2Fcomments&post=20"}],"version-history":[{"count":22,"href":"https:\/\/prestigebeautysalon.cloudmc.cz\/index.php?rest_route=\/wp\/v2\/pages\/20\/revisions"}],"predecessor-version":[{"id":196,"href":"https:\/\/prestigebeautysalon.cloudmc.cz\/index.php?rest_route=\/wp\/v2\/pages\/20\/revisions\/196"}],"wp:attachment":[{"href":"https:\/\/prestigebeautysalon.cloudmc.cz\/index.php?rest_route=%2Fwp%2Fv2%2Fmedia&parent=20"}],"curies":[{"name":"wp","href":"https:\/\/api.w.org\/{rel}","templated":true}]}}