{"id":123,"date":"2026-01-08T16:50:19","date_gmt":"2026-01-08T16:50:19","guid":{"rendered":"https:\/\/prestigebeautysalon.cloudmc.cz\/?page_id=123"},"modified":"2026-01-08T17:07:49","modified_gmt":"2026-01-08T17:07:49","slug":"madeoterapie-2","status":"publish","type":"page","link":"https:\/\/prestigebeautysalon.cloudmc.cz\/?page_id=123","title":{"rendered":"Maderoterapie"},"content":{"rendered":"\n<div class=\"wp-block-group has-global-padding is-layout-constrained wp-container-core-group-is-layout-3 wp-block-group-is-layout-constrained\" style=\"padding-top:60px;padding-right:20px;padding-bottom:60px;padding-left:20px\">\n<div class=\"wp-block-group alignwide is-layout-flow wp-block-group-is-layout-flow\">\n<div class=\"wp-block-columns are-vertically-aligned-center is-layout-flex wp-container-core-columns-is-layout-1 wp-block-columns-is-layout-flex\">\n<div class=\"wp-block-column is-vertically-aligned-center is-layout-flow wp-block-column-is-layout-flow\">\n<div class=\"wp-block-group has-global-padding is-layout-constrained wp-block-group-is-layout-constrained\">\n<h2 class=\"wp-block-heading\" style=\"margin-top:var(--wp--preset--spacing--20);font-size:48px\">Maderoterapie<\/h2>\n\n\n\n<h3 class=\"wp-block-heading has-primary-color has-text-color has-link-color wp-elements-74e77cb4ab2e20de4fc15a72d8981cf3\" style=\"font-style:normal;font-weight:500\">Revitalizujte sv\u00e9 t\u011blo pomoc\u00ed stroje 9D profesion\u00e1ln\u00ed p\u0159\u00edstroj na celulitidu<\/h3>\n\n\n\n<div style=\"margin-top:0;margin-bottom:0;height:20px\" aria-hidden=\"true\" class=\"wp-block-spacer\"><\/div>\n\n\n\n<blockquote class=\"wp-block-quote is-style-default has-heading-color has-text-color has-background has-link-color wp-elements-8d29e7f4f00b6953641d6e212f906ddc is-layout-flow wp-container-core-quote-is-layout-1 wp-block-quote-is-layout-flow\" style=\"background-color:#bfbfbf33;font-size:20px;font-style:normal;font-weight:300;line-height:1.8\">\n<p><em><strong>Za\u017eijte transforma\u010dn\u00ed s\u00edlu p\u0159\u00edstrojov\u00e9 materoterapie dokonal\u00e9ho \u0159e\u0161en\u00ed pro revitalizaci va\u0161eho t\u011bla a dosa\u017een\u00ed stavu hlubok\u00e9 relaxace a \u00falevy. Toto pokro\u010dil\u00e9 za\u0159\u00edzen\u00ed kombinuje \u0161pi\u010dkovou technologii s ergonomick\u00fdm designem, aby poskytlo bezkonkuren\u010dn\u00ed mas\u00e1\u017en\u00ed z\u00e1\u017eitek, m\u016f\u017ee se pochlubit \u0159adou funkc\u00ed, kter\u00e9 se zam\u011b\u0159uj\u00ed na kl\u00ed\u010dov\u00e9 oblasti t\u011bla, v\u010detn\u011b jeho v\u0161estrann\u00fdch v\u00e1le\u010dkov\u00fdch hlav a nastaviteln\u00e9ho nastaven\u00ed intenzity. V\u00e1lcov\u00e9 hlavice vybaven\u00e9 precizn\u00ed mikroproudovou technologi\u00ed p\u016fsob\u00ed na va\u0161e svaly, stimuluj\u00ed krevn\u00ed ob\u011bh a podporuj\u00ed uvoln\u011bn\u00ed nap\u011bt\u00ed a stresu. Ve spojen\u00ed s nastaviteln\u00fdm nastaven\u00edm intenzity, od jemn\u00e9 po intenzivn\u00ed, tento stroj zaji\u0161\u0165uje personalizovan\u00fd z\u00e1\u017eitek p\u0159izp\u016fsoben\u00fd va\u0161\u00ed \u00farovni pohodl\u00ed a specifick\u00fdm pot\u0159eb\u00e1m. zlep\u0161uje nejen va\u0161i fyzickou pohodu, ale tak\u00e9 v\u00e1\u0161 du\u0161evn\u00ed stav, proto\u017ee je navr\u017een tak, aby podporoval svalovou relaxaci a celkovou relaxaci.<\/strong><\/em><\/p>\n<\/blockquote>\n<\/div>\n<\/div>\n\n\n\n<div class=\"wp-block-column is-vertically-aligned-center is-layout-flow wp-block-column-is-layout-flow\">\n<div class=\"wp-block-cover is-light\" style=\"border-top-left-radius:100px;border-bottom-right-radius:100px\"><span aria-hidden=\"true\" class=\"wp-block-cover__background has-background-dim-0 has-background-dim\"><\/span><img loading=\"lazy\" decoding=\"async\" width=\"1536\" height=\"1024\" class=\"wp-block-cover__image-background wp-image-124\" alt=\"\" src=\"https:\/\/prestigebeautysalon.cloudmc.cz\/wp-content\/uploads\/2026\/01\/ChatGPT-Image-4.-1.-2026-21_35_17.png\" data-object-fit=\"cover\" srcset=\"https:\/\/prestigebeautysalon.cloudmc.cz\/wp-content\/uploads\/2026\/01\/ChatGPT-Image-4.-1.-2026-21_35_17.png 1536w, https:\/\/prestigebeautysalon.cloudmc.cz\/wp-content\/uploads\/2026\/01\/ChatGPT-Image-4.-1.-2026-21_35_17-300x200.png 300w, https:\/\/prestigebeautysalon.cloudmc.cz\/wp-content\/uploads\/2026\/01\/ChatGPT-Image-4.-1.-2026-21_35_17-1024x683.png 1024w, https:\/\/prestigebeautysalon.cloudmc.cz\/wp-content\/uploads\/2026\/01\/ChatGPT-Image-4.-1.-2026-21_35_17-768x512.png 768w\" sizes=\"auto, (max-width: 1536px) 100vw, 1536px\" \/><div class=\"wp-block-cover__inner-container has-global-padding is-layout-constrained wp-block-cover-is-layout-constrained\">\n<p class=\"has-text-align-center has-large-font-size\"><\/p>\n<\/div><\/div>\n<\/div>\n<\/div>\n<\/div>\n<\/div>\n\n\n\n\n\n<figure class=\"wp-block-table is-style-regular has-medium-font-size\"><table class=\"has-heading-color has-text-color has-link-color has-border-color has-primary-border-color has-fixed-layout\"><thead><tr><th class=\"has-text-align-left\" data-align=\"left\">Maderoterapie<\/th><th class=\"has-text-align-center\" data-align=\"center\">Doba trv\u00e1n\u00ed<\/th><th class=\"has-text-align-center\" data-align=\"center\">Cena<\/th><\/tr><\/thead><tbody><tr><td class=\"has-text-align-left\" data-align=\"left\">1 partie (ruce, b\u0159icho, stehna, h\u00fd\u017ed\u011b, l\u00fdtka)<\/td><td class=\"has-text-align-center\" data-align=\"center\">15 min<\/td><td class=\"has-text-align-center\" data-align=\"center\">990,-<\/td><\/tr><tr><td class=\"has-text-align-left\" data-align=\"left\">2 partie (ruce, b\u0159icho, stehna, h\u00fd\u017ed\u011b, l\u00fdtka)<\/td><td class=\"has-text-align-center\" data-align=\"center\">30 min<\/td><td class=\"has-text-align-center\" data-align=\"center\">1490,-<\/td><\/tr><tr><td class=\"has-text-align-left\" data-align=\"left\">V\u0161echny partie (ruce, b\u0159icho, stehna, h\u00fd\u017ed\u011b, l\u00fdtka)<\/td><td class=\"has-text-align-center\" data-align=\"center\">60 min<\/td><td class=\"has-text-align-center\" data-align=\"center\">2990,-<\/td><\/tr><\/tbody><\/table><\/figure>\n\n\n\n<blockquote class=\"wp-block-quote has-section-bg-background-color has-background is-layout-flow wp-block-quote-is-layout-flow\">\n<p class=\"has-primary-color has-text-color has-link-color has-medium-font-size wp-elements-c01746eb48d61a5b880e178d43c3ec97\">Pro nov\u00e9 z\u00e1kazn\u00edky <strong>50 % sleva<\/strong>, 15 min za <strong>495,-<\/strong><\/p>\n<\/blockquote>\n","protected":false},"excerpt":{"rendered":"<p>Maderoterapie Revitalizujte sv\u00e9 t\u011blo pomoc\u00ed stroje 9D profesion\u00e1ln\u00ed p\u0159\u00edstroj na celulitidu Za\u017eijte transforma\u010dn\u00ed s\u00edlu p\u0159\u00edstrojov\u00e9 materoterapie dokonal\u00e9ho \u0159e\u0161en\u00ed pro revitalizaci va\u0161eho t\u011bla a dosa\u017een\u00ed stavu hlubok\u00e9 relaxace a \u00falevy. Toto pokro\u010dil\u00e9 za\u0159\u00edzen\u00ed kombinuje \u0161pi\u010dkovou technologii s ergonomick\u00fdm designem, aby poskytlo bezkonkuren\u010dn\u00ed mas\u00e1\u017en\u00ed z\u00e1\u017eitek, m\u016f\u017ee se pochlubit \u0159adou funkc\u00ed, kter\u00e9 se zam\u011b\u0159uj\u00ed na kl\u00ed\u010dov\u00e9 oblasti t\u011bla, [&hellip;]<\/p>\n","protected":false},"author":1,"featured_media":0,"parent":0,"menu_order":0,"comment_status":"closed","ping_status":"closed","template":"","meta":{"footnotes":""},"class_list":["post-123","page","type-page","status-publish","hentry"],"yoast_head":"<!-- This site is optimized with the Yoast SEO plugin v24.7 - https:\/\/yoast.com\/wordpress\/plugins\/seo\/ -->\n<title>Maderoterapie - Prestige Beauty Salon<\/title>\n<meta name=\"robots\" content=\"noindex, follow, max-snippet:-1, max-image-preview:large, max-video-preview:-1\" \/>\n<meta property=\"og:locale\" content=\"cs_CZ\" \/>\n<meta property=\"og:type\" content=\"article\" \/>\n<meta property=\"og:title\" content=\"Maderoterapie - Prestige Beauty Salon\" \/>\n<meta property=\"og:description\" content=\"Maderoterapie Revitalizujte sv\u00e9 t\u011blo pomoc\u00ed stroje 9D profesion\u00e1ln\u00ed p\u0159\u00edstroj na celulitidu Za\u017eijte transforma\u010dn\u00ed s\u00edlu p\u0159\u00edstrojov\u00e9 materoterapie dokonal\u00e9ho \u0159e\u0161en\u00ed pro revitalizaci va\u0161eho t\u011bla a dosa\u017een\u00ed stavu hlubok\u00e9 relaxace a \u00falevy. Toto pokro\u010dil\u00e9 za\u0159\u00edzen\u00ed kombinuje \u0161pi\u010dkovou technologii s ergonomick\u00fdm designem, aby poskytlo bezkonkuren\u010dn\u00ed mas\u00e1\u017en\u00ed z\u00e1\u017eitek, m\u016f\u017ee se pochlubit \u0159adou funkc\u00ed, kter\u00e9 se zam\u011b\u0159uj\u00ed na kl\u00ed\u010dov\u00e9 oblasti t\u011bla, [&hellip;]\" \/>\n<meta property=\"og:url\" content=\"https:\/\/prestigebeautysalon.cloudmc.cz\/?page_id=123\" \/>\n<meta property=\"og:site_name\" content=\"Prestige Beauty Salon\" \/>\n<meta property=\"article:modified_time\" content=\"2026-01-08T17:07:49+00:00\" \/>\n<meta property=\"og:image\" content=\"https:\/\/prestigebeautysalon.cloudmc.cz\/wp-content\/uploads\/2026\/01\/ChatGPT-Image-4.-1.-2026-21_35_17.png\" \/>\n\t<meta property=\"og:image:width\" content=\"1536\" \/>\n\t<meta property=\"og:image:height\" content=\"1024\" \/>\n\t<meta property=\"og:image:type\" content=\"image\/png\" \/>\n<meta name=\"twitter:card\" content=\"summary_large_image\" \/>\n<meta name=\"twitter:label1\" content=\"Odhadovan\u00e1 doba \u010dten\u00ed\" \/>\n\t<meta name=\"twitter:data1\" content=\"1 minuta\" \/>\n<script type=\"application\/ld+json\" class=\"yoast-schema-graph\">{\"@context\":\"https:\/\/schema.org\",\"@graph\":[{\"@type\":\"WebPage\",\"@id\":\"https:\/\/prestigebeautysalon.cloudmc.cz\/?page_id=123\",\"url\":\"https:\/\/prestigebeautysalon.cloudmc.cz\/?page_id=123\",\"name\":\"Maderoterapie - Prestige Beauty Salon\",\"isPartOf\":{\"@id\":\"https:\/\/prestigebeautysalon.cloudmc.cz\/#website\"},\"primaryImageOfPage\":{\"@id\":\"https:\/\/prestigebeautysalon.cloudmc.cz\/?page_id=123#primaryimage\"},\"image\":{\"@id\":\"https:\/\/prestigebeautysalon.cloudmc.cz\/?page_id=123#primaryimage\"},\"thumbnailUrl\":\"https:\/\/prestigebeautysalon.cloudmc.cz\/wp-content\/uploads\/2026\/01\/ChatGPT-Image-4.-1.-2026-21_35_17.png\",\"datePublished\":\"2026-01-08T16:50:19+00:00\",\"dateModified\":\"2026-01-08T17:07:49+00:00\",\"breadcrumb\":{\"@id\":\"https:\/\/prestigebeautysalon.cloudmc.cz\/?page_id=123#breadcrumb\"},\"inLanguage\":\"cs\",\"potentialAction\":[{\"@type\":\"ReadAction\",\"target\":[\"https:\/\/prestigebeautysalon.cloudmc.cz\/?page_id=123\"]}]},{\"@type\":\"ImageObject\",\"inLanguage\":\"cs\",\"@id\":\"https:\/\/prestigebeautysalon.cloudmc.cz\/?page_id=123#primaryimage\",\"url\":\"https:\/\/prestigebeautysalon.cloudmc.cz\/wp-content\/uploads\/2026\/01\/ChatGPT-Image-4.-1.-2026-21_35_17.png\",\"contentUrl\":\"https:\/\/prestigebeautysalon.cloudmc.cz\/wp-content\/uploads\/2026\/01\/ChatGPT-Image-4.-1.-2026-21_35_17.png\",\"width\":1536,\"height\":1024},{\"@type\":\"BreadcrumbList\",\"@id\":\"https:\/\/prestigebeautysalon.cloudmc.cz\/?page_id=123#breadcrumb\",\"itemListElement\":[{\"@type\":\"ListItem\",\"position\":1,\"name\":\"Home\",\"item\":\"https:\/\/prestigebeautysalon.cloudmc.cz\/\"},{\"@type\":\"ListItem\",\"position\":2,\"name\":\"Maderoterapie\"}]},{\"@type\":\"WebSite\",\"@id\":\"https:\/\/prestigebeautysalon.cloudmc.cz\/#website\",\"url\":\"https:\/\/prestigebeautysalon.cloudmc.cz\/\",\"name\":\"Prestige Beauty Salon\",\"description\":\"Prestige Beauty Salon\",\"publisher\":{\"@id\":\"https:\/\/prestigebeautysalon.cloudmc.cz\/#organization\"},\"potentialAction\":[{\"@type\":\"SearchAction\",\"target\":{\"@type\":\"EntryPoint\",\"urlTemplate\":\"https:\/\/prestigebeautysalon.cloudmc.cz\/?s={search_term_string}\"},\"query-input\":{\"@type\":\"PropertyValueSpecification\",\"valueRequired\":true,\"valueName\":\"search_term_string\"}}],\"inLanguage\":\"cs\"},{\"@type\":\"Organization\",\"@id\":\"https:\/\/prestigebeautysalon.cloudmc.cz\/#organization\",\"name\":\"Prestige Beauty Salon\",\"url\":\"https:\/\/prestigebeautysalon.cloudmc.cz\/\",\"logo\":{\"@type\":\"ImageObject\",\"inLanguage\":\"cs\",\"@id\":\"https:\/\/prestigebeautysalon.cloudmc.cz\/#\/schema\/logo\/image\/\",\"url\":\"https:\/\/prestigebeautysalon.cloudmc.cz\/wp-content\/uploads\/2025\/12\/logo_bile_salon.png\",\"contentUrl\":\"https:\/\/prestigebeautysalon.cloudmc.cz\/wp-content\/uploads\/2025\/12\/logo_bile_salon.png\",\"width\":9639,\"height\":12001,\"caption\":\"Prestige Beauty Salon\"},\"image\":{\"@id\":\"https:\/\/prestigebeautysalon.cloudmc.cz\/#\/schema\/logo\/image\/\"}}]}<\/script>\n<!-- \/ Yoast SEO plugin. -->","yoast_head_json":{"title":"Maderoterapie - Prestige Beauty Salon","robots":{"index":"noindex","follow":"follow","max-snippet":"max-snippet:-1","max-image-preview":"max-image-preview:large","max-video-preview":"max-video-preview:-1"},"og_locale":"cs_CZ","og_type":"article","og_title":"Maderoterapie - Prestige Beauty Salon","og_description":"Maderoterapie Revitalizujte sv\u00e9 t\u011blo pomoc\u00ed stroje 9D profesion\u00e1ln\u00ed p\u0159\u00edstroj na celulitidu Za\u017eijte transforma\u010dn\u00ed s\u00edlu p\u0159\u00edstrojov\u00e9 materoterapie dokonal\u00e9ho \u0159e\u0161en\u00ed pro revitalizaci va\u0161eho t\u011bla a dosa\u017een\u00ed stavu hlubok\u00e9 relaxace a \u00falevy. Toto pokro\u010dil\u00e9 za\u0159\u00edzen\u00ed kombinuje \u0161pi\u010dkovou technologii s ergonomick\u00fdm designem, aby poskytlo bezkonkuren\u010dn\u00ed mas\u00e1\u017en\u00ed z\u00e1\u017eitek, m\u016f\u017ee se pochlubit \u0159adou funkc\u00ed, kter\u00e9 se zam\u011b\u0159uj\u00ed na kl\u00ed\u010dov\u00e9 oblasti t\u011bla, [&hellip;]","og_url":"https:\/\/prestigebeautysalon.cloudmc.cz\/?page_id=123","og_site_name":"Prestige Beauty Salon","article_modified_time":"2026-01-08T17:07:49+00:00","og_image":[{"width":1536,"height":1024,"url":"https:\/\/prestigebeautysalon.cloudmc.cz\/wp-content\/uploads\/2026\/01\/ChatGPT-Image-4.-1.-2026-21_35_17.png","type":"image\/png"}],"twitter_card":"summary_large_image","twitter_misc":{"Odhadovan\u00e1 doba \u010dten\u00ed":"1 minuta"},"schema":{"@context":"https:\/\/schema.org","@graph":[{"@type":"WebPage","@id":"https:\/\/prestigebeautysalon.cloudmc.cz\/?page_id=123","url":"https:\/\/prestigebeautysalon.cloudmc.cz\/?page_id=123","name":"Maderoterapie - Prestige Beauty Salon","isPartOf":{"@id":"https:\/\/prestigebeautysalon.cloudmc.cz\/#website"},"primaryImageOfPage":{"@id":"https:\/\/prestigebeautysalon.cloudmc.cz\/?page_id=123#primaryimage"},"image":{"@id":"https:\/\/prestigebeautysalon.cloudmc.cz\/?page_id=123#primaryimage"},"thumbnailUrl":"https:\/\/prestigebeautysalon.cloudmc.cz\/wp-content\/uploads\/2026\/01\/ChatGPT-Image-4.-1.-2026-21_35_17.png","datePublished":"2026-01-08T16:50:19+00:00","dateModified":"2026-01-08T17:07:49+00:00","breadcrumb":{"@id":"https:\/\/prestigebeautysalon.cloudmc.cz\/?page_id=123#breadcrumb"},"inLanguage":"cs","potentialAction":[{"@type":"ReadAction","target":["https:\/\/prestigebeautysalon.cloudmc.cz\/?page_id=123"]}]},{"@type":"ImageObject","inLanguage":"cs","@id":"https:\/\/prestigebeautysalon.cloudmc.cz\/?page_id=123#primaryimage","url":"https:\/\/prestigebeautysalon.cloudmc.cz\/wp-content\/uploads\/2026\/01\/ChatGPT-Image-4.-1.-2026-21_35_17.png","contentUrl":"https:\/\/prestigebeautysalon.cloudmc.cz\/wp-content\/uploads\/2026\/01\/ChatGPT-Image-4.-1.-2026-21_35_17.png","width":1536,"height":1024},{"@type":"BreadcrumbList","@id":"https:\/\/prestigebeautysalon.cloudmc.cz\/?page_id=123#breadcrumb","itemListElement":[{"@type":"ListItem","position":1,"name":"Home","item":"https:\/\/prestigebeautysalon.cloudmc.cz\/"},{"@type":"ListItem","position":2,"name":"Maderoterapie"}]},{"@type":"WebSite","@id":"https:\/\/prestigebeautysalon.cloudmc.cz\/#website","url":"https:\/\/prestigebeautysalon.cloudmc.cz\/","name":"Prestige Beauty Salon","description":"Prestige Beauty Salon","publisher":{"@id":"https:\/\/prestigebeautysalon.cloudmc.cz\/#organization"},"potentialAction":[{"@type":"SearchAction","target":{"@type":"EntryPoint","urlTemplate":"https:\/\/prestigebeautysalon.cloudmc.cz\/?s={search_term_string}"},"query-input":{"@type":"PropertyValueSpecification","valueRequired":true,"valueName":"search_term_string"}}],"inLanguage":"cs"},{"@type":"Organization","@id":"https:\/\/prestigebeautysalon.cloudmc.cz\/#organization","name":"Prestige Beauty Salon","url":"https:\/\/prestigebeautysalon.cloudmc.cz\/","logo":{"@type":"ImageObject","inLanguage":"cs","@id":"https:\/\/prestigebeautysalon.cloudmc.cz\/#\/schema\/logo\/image\/","url":"https:\/\/prestigebeautysalon.cloudmc.cz\/wp-content\/uploads\/2025\/12\/logo_bile_salon.png","contentUrl":"https:\/\/prestigebeautysalon.cloudmc.cz\/wp-content\/uploads\/2025\/12\/logo_bile_salon.png","width":9639,"height":12001,"caption":"Prestige Beauty Salon"},"image":{"@id":"https:\/\/prestigebeautysalon.cloudmc.cz\/#\/schema\/logo\/image\/"}}]}},"_links":{"self":[{"href":"https:\/\/prestigebeautysalon.cloudmc.cz\/index.php?rest_route=\/wp\/v2\/pages\/123","targetHints":{"allow":["GET"]}}],"collection":[{"href":"https:\/\/prestigebeautysalon.cloudmc.cz\/index.php?rest_route=\/wp\/v2\/pages"}],"about":[{"href":"https:\/\/prestigebeautysalon.cloudmc.cz\/index.php?rest_route=\/wp\/v2\/types\/page"}],"author":[{"embeddable":true,"href":"https:\/\/prestigebeautysalon.cloudmc.cz\/index.php?rest_route=\/wp\/v2\/users\/1"}],"replies":[{"embeddable":true,"href":"https:\/\/prestigebeautysalon.cloudmc.cz\/index.php?rest_route=%2Fwp%2Fv2%2Fcomments&post=123"}],"version-history":[{"count":9,"href":"https:\/\/prestigebeautysalon.cloudmc.cz\/index.php?rest_route=\/wp\/v2\/pages\/123\/revisions"}],"predecessor-version":[{"id":145,"href":"https:\/\/prestigebeautysalon.cloudmc.cz\/index.php?rest_route=\/wp\/v2\/pages\/123\/revisions\/145"}],"wp:attachment":[{"href":"https:\/\/prestigebeautysalon.cloudmc.cz\/index.php?rest_route=%2Fwp%2Fv2%2Fmedia&parent=123"}],"curies":[{"name":"wp","href":"https:\/\/api.w.org\/{rel}","templated":true}]}}